{"id":225,"date":"2022-10-17T03:14:50","date_gmt":"2022-10-17T03:14:50","guid":{"rendered":"https:\/\/www.utahportuguesedli.org\/elementary\/?page_id=225"},"modified":"2024-08-07T22:28:13","modified_gmt":"2024-08-07T22:28:13","slug":"6-social-studies","status":"publish","type":"page","link":"https:\/\/www.utahportuguesedli.org\/elementary\/6-social-studies\/","title":{"rendered":"6 &#8211; SOCIAL STUDIES"},"content":{"rendered":"\n<div class=\"wp-container-4 wp-block-columns\">\n<div class=\"wp-container-1 wp-block-column\">\n<h2>Standards<\/h2>\n<\/div>\n\n\n\n<div class=\"wp-container-2 wp-block-column\">\n<h2>Mural de Palavras<\/h2>\n<\/div>\n\n\n\n<div class=\"wp-container-3 wp-block-column\"><\/div>\n<\/div>\n\n\n\n<div class=\"wp-container-8 wp-block-columns\">\n<div class=\"wp-container-5 wp-block-column\">\n<figure class=\"wp-block-image size-thumbnail\"><a href=\"https:\/\/schools.utah.gov\/curr\/socialstudies?mid=1129&amp;tid=1\"><img loading=\"lazy\" width=\"150\" height=\"150\" src=\"https:\/\/www.utahportuguesedli.org\/elementary\/wp-content\/uploads\/sites\/4\/2022\/12\/Screen-Shot-2022-12-12-at-9.32.43-AM-150x150.png\" alt=\"\" class=\"wp-image-904\" \/><\/a><\/figure>\n<\/div>\n\n\n\n<div class=\"wp-container-6 wp-block-column\">\n<figure class=\"wp-block-image size-thumbnail\"><a href=\"https:\/\/docs.google.com\/document\/d\/1kDorxziuYhBgGCx94kliY6cCA4OalQIv\/edit?usp=share_link&amp;ouid=100178586865046201073&amp;rtpof=true&amp;sd=true\"><img loading=\"lazy\" width=\"150\" height=\"150\" src=\"https:\/\/www.utahportuguesedli.org\/elementary\/wp-content\/uploads\/sites\/4\/2024\/08\/Carto\u0303es-de-Vocabula\u0301rio-Standard-I-150x150.png\" alt=\"\" class=\"wp-image-1409\" srcset=\"https:\/\/www.utahportuguesedli.org\/elementary\/wp-content\/uploads\/sites\/4\/2024\/08\/Carto\u0303es-de-Vocabula\u0301rio-Standard-I-150x150.png 150w, https:\/\/www.utahportuguesedli.org\/elementary\/wp-content\/uploads\/sites\/4\/2024\/08\/Carto\u0303es-de-Vocabula\u0301rio-Standard-I-300x300.png 300w, https:\/\/www.utahportuguesedli.org\/elementary\/wp-content\/uploads\/sites\/4\/2024\/08\/Carto\u0303es-de-Vocabula\u0301rio-Standard-I.png 500w\" sizes=\"(max-width: 150px) 100vw, 150px\" \/><\/a><\/figure>\n<\/div>\n\n\n\n<div class=\"wp-container-7 wp-block-column\">\n<figure class=\"wp-block-image size-thumbnail\"><a href=\"https:\/\/docs.google.com\/document\/d\/1FgFKjwdCDStRm2yS0hYIEoT7MWty4_J1\/edit?usp=share_link&amp;ouid=100178586865046201073&amp;rtpof=true&amp;sd=true\"><img loading=\"lazy\" width=\"150\" height=\"150\" src=\"https:\/\/www.utahportuguesedli.org\/elementary\/wp-content\/uploads\/sites\/4\/2024\/08\/Carto\u0303es-de-Vocabula\u0301rio-Standard-II-150x150.png\" alt=\"\" class=\"wp-image-1410\" srcset=\"https:\/\/www.utahportuguesedli.org\/elementary\/wp-content\/uploads\/sites\/4\/2024\/08\/Carto\u0303es-de-Vocabula\u0301rio-Standard-II-150x150.png 150w, https:\/\/www.utahportuguesedli.org\/elementary\/wp-content\/uploads\/sites\/4\/2024\/08\/Carto\u0303es-de-Vocabula\u0301rio-Standard-II-300x300.png 300w, https:\/\/www.utahportuguesedli.org\/elementary\/wp-content\/uploads\/sites\/4\/2024\/08\/Carto\u0303es-de-Vocabula\u0301rio-Standard-II.png 500w\" sizes=\"(max-width: 150px) 100vw, 150px\" \/><\/a><\/figure>\n<\/div>\n<\/div>\n\n\n\n<div class=\"wp-container-12 wp-block-columns\">\n<div class=\"wp-container-9 wp-block-column\"><\/div>\n\n\n\n<div class=\"wp-container-10 wp-block-column\">\n<figure class=\"wp-block-image size-thumbnail\"><a href=\"https:\/\/docs.google.com\/document\/d\/14KKupYFE1nEEPllLQC5LcdzDLw6Ama4L\/edit?usp=share_link&amp;ouid=100178586865046201073&amp;rtpof=true&amp;sd=true\"><img loading=\"lazy\" width=\"150\" height=\"150\" src=\"https:\/\/www.utahportuguesedli.org\/elementary\/wp-content\/uploads\/sites\/4\/2024\/08\/Carto\u0303es-de-Vocabula\u0301rio-Standard-III-150x150.png\" alt=\"\" class=\"wp-image-1412\" srcset=\"https:\/\/www.utahportuguesedli.org\/elementary\/wp-content\/uploads\/sites\/4\/2024\/08\/Carto\u0303es-de-Vocabula\u0301rio-Standard-III-150x150.png 150w, https:\/\/www.utahportuguesedli.org\/elementary\/wp-content\/uploads\/sites\/4\/2024\/08\/Carto\u0303es-de-Vocabula\u0301rio-Standard-III-300x300.png 300w, https:\/\/www.utahportuguesedli.org\/elementary\/wp-content\/uploads\/sites\/4\/2024\/08\/Carto\u0303es-de-Vocabula\u0301rio-Standard-III.png 500w\" sizes=\"(max-width: 150px) 100vw, 150px\" \/><\/a><\/figure>\n<\/div>\n\n\n\n<div class=\"wp-container-11 wp-block-column\">\n<figure class=\"wp-block-image size-thumbnail\"><a href=\"https:\/\/docs.google.com\/document\/d\/13n8nnaXy5n2_l1zlYjJ2YKNAReUL9CwP\/edit?usp=share_link&amp;ouid=100178586865046201073&amp;rtpof=true&amp;sd=true\"><img loading=\"lazy\" width=\"150\" height=\"150\" src=\"https:\/\/www.utahportuguesedli.org\/elementary\/wp-content\/uploads\/sites\/4\/2024\/08\/Carto\u0303es-de-Vocabula\u0301rio-Standard-IV-150x150.png\" alt=\"\" class=\"wp-image-1413\" srcset=\"https:\/\/www.utahportuguesedli.org\/elementary\/wp-content\/uploads\/sites\/4\/2024\/08\/Carto\u0303es-de-Vocabula\u0301rio-Standard-IV-150x150.png 150w, https:\/\/www.utahportuguesedli.org\/elementary\/wp-content\/uploads\/sites\/4\/2024\/08\/Carto\u0303es-de-Vocabula\u0301rio-Standard-IV-300x300.png 300w, https:\/\/www.utahportuguesedli.org\/elementary\/wp-content\/uploads\/sites\/4\/2024\/08\/Carto\u0303es-de-Vocabula\u0301rio-Standard-IV.png 500w\" sizes=\"(max-width: 150px) 100vw, 150px\" \/><\/a><\/figure>\n<\/div>\n<\/div>\n\n\n\n<h2>Li\u00e7\u00f5es Traduzidas<\/h2>\n\n\n\n<ol><li><a href=\"https:\/\/docs.google.com\/document\/d\/1DsimZeupJVNexpyCUNiWrLB_JsZ-N9Py\/edit?usp=share_link&amp;ouid=100178586865046201073&amp;rtpof=true&amp;sd=true\">Caracter\u00edsticas f\u00edsicas das civiliza\u00e7\u00f5es antigas &#8211; Parte I<\/a><\/li><li><a href=\"https:\/\/docs.google.com\/document\/d\/1zRjPfIv8MnLsTZlMXco2LOp_ibHRQ4JE\/edit?usp=share_link&amp;ouid=100178586865046201073&amp;rtpof=true&amp;sd=true\">Caracter\u00edsticas f\u00edsicas das civiliza\u00e7\u00f5es antigas &#8211; Parte II<\/a><\/li><li><a href=\"https:\/\/docs.google.com\/document\/d\/1QgvrRbgQcVDp105X_4HQLw9e-gevK5qB\/edit?usp=share_link&amp;ouid=100178586865046201073&amp;rtpof=true&amp;sd=true\">Caracter\u00edsticas f\u00edsicas influenciaram o desenvolvimento cultural &#8211; Parte I<\/a><\/li><li><a href=\"https:\/\/docs.google.com\/document\/d\/1djM8qg89kJZeC2RNpTVsmNNVmYseMwe5\/edit?usp=share_link&amp;ouid=100178586865046201073&amp;rtpof=true&amp;sd=true\">Caracter\u00edsticas f\u00edsicas influenciaram o desenvolvimento cultural &#8211; Parte II<\/a><\/li><li><a href=\"https:\/\/docs.google.com\/document\/d\/15qSL9UPoL1l3sEOBf88rVnV6yo1SbKY6\/edit?usp=share_link&amp;ouid=100178586865046201073&amp;rtpof=true&amp;sd=true\">Religi\u00f5es &#8211; Parte I<\/a><\/li><li><a href=\"https:\/\/docs.google.com\/document\/d\/1XCqggS6ByKKCBKANlWjQS5ScXw4OY_L8\/edit?usp=share_link&amp;ouid=100178586865046201073&amp;rtpof=true&amp;sd=true\">Religi\u00f5es &#8211; Parte II<\/a><\/li><li><a href=\"https:\/\/docs.google.com\/document\/d\/1rACeClO4TCpkWNQDXS5y_iUU3cMirL42\/edit?usp=share_link&amp;ouid=100178586865046201073&amp;rtpof=true&amp;sd=true\">Caracter\u00edsticas f\u00edsicas do antigo Egito<\/a><\/li><li><a href=\"https:\/\/docs.google.com\/document\/d\/1mqavAvZG4reji1nnfCIwLMZnEM8nG3Ic\/edit?usp=share_link&amp;ouid=100178586865046201073&amp;rtpof=true&amp;sd=true\">A d\u00e1vida do Nilo<\/a><\/li><li><a href=\"https:\/\/docs.google.com\/document\/d\/10mFKhv2Tvn4i4NMkHLwpR3BGXehhl4J1\/edit?usp=share_link&amp;ouid=100178586865046201073&amp;rtpof=true&amp;sd=true\">O calend\u00e1rio eg\u00edpcio<\/a><\/li><li><a href=\"https:\/\/docs.google.com\/document\/d\/1y6cJvznXmh05YnP3rXgtiLNWvFlRw5SR\/edit?usp=share_link&amp;ouid=100178586865046201073&amp;rtpof=true&amp;sd=true\">Roma antiga<\/a><\/li><li><a href=\"https:\/\/docs.google.com\/document\/d\/1a45EinzL5fqLTZZbSMrdlaydb7ydxTko\/edit?usp=share_link&amp;ouid=100178586865046201073&amp;rtpof=true&amp;sd=true\">Introdu\u00e7\u00e3o \u00e0 Idade M\u00e9dia<\/a><\/li><li><a href=\"https:\/\/docs.google.com\/document\/d\/1Nh27EImjRQa9ddaci8xYhc_HevnDpQRV\/edit?usp=share_link&amp;ouid=100178586865046201073&amp;rtpof=true&amp;sd=true\">Geografia f\u00edsica da Idade M\u00e9dia<\/a><\/li><li><a href=\"https:\/\/docs.google.com\/document\/d\/1TUrn7RypBGTwBz9_hkbEPUTpxInUelbO\/edit?usp=share_link&amp;ouid=100178586865046201073&amp;rtpof=true&amp;sd=true\">A alta Idade M\u00e9dia &#8211; 500-1000 AD<\/a><\/li><li><a href=\"https:\/\/docs.google.com\/document\/d\/1DvWv80qe_aov6FZvT5Fhq2HChYv1HPgF\/edit?usp=share_link&amp;ouid=100178586865046201073&amp;rtpof=true&amp;sd=true\">Feudalismo<\/a><\/li><li><a href=\"https:\/\/docs.google.com\/document\/d\/1QZQPZSc5tLYoTQ_CL0lZ0ZEsEifsnah0\/edit?usp=share_link&amp;ouid=100178586865046201073&amp;rtpof=true&amp;sd=true\">As cruzadas<\/a><\/li><li><a href=\"https:\/\/docs.google.com\/document\/d\/1vsI3CnWgdEhOhoDEPVSuBn7QXzZKPIwl\/edit?usp=share_link&amp;ouid=100178586865046201073&amp;rtpof=true&amp;sd=true\">O Renascimento<\/a><\/li><li><a href=\"https:\/\/docs.google.com\/document\/d\/1ulDfJb02Lb9rXKDmuMNIf3I2qNUt_Efm\/edit?usp=share_link&amp;ouid=100178586865046201073&amp;rtpof=true&amp;sd=true\">Revolu\u00e7\u00f5es<\/a><\/li><li><a href=\"https:\/\/docs.google.com\/document\/d\/1CSbdhhtuCHIj6as9AfbEmK8Nw7yJ3oKL\/edit?usp=share_link&amp;ouid=100178586865046201073&amp;rtpof=true&amp;sd=true\">Comparando e constrastando revolu\u00e7\u00f5es<\/a><\/li><li><a href=\"https:\/\/docs.google.com\/document\/d\/14put0CRLVwrpdVfpuwdJHKanRAIcMRba\/edit?usp=share_link&amp;ouid=100178586865046201073&amp;rtpof=true&amp;sd=true\">Eventos chaves que levaram \u00e0 Primeira Guerra Mundial<\/a><\/li><li><a href=\"https:\/\/docs.google.com\/document\/d\/1fmzwPgynhojF7ucYx3reAcmvWg0ud8Kc\/edit?usp=share_link&amp;ouid=100178586865046201073&amp;rtpof=true&amp;sd=true\">Resolvendo conflitos &#8211; Primeira Guerra Mundial<\/a><\/li><li><a href=\"https:\/\/docs.google.com\/document\/d\/1r599khUqZoVxx2XafPcA8KtBkqDxqnrd\/edit?usp=share_link&amp;ouid=100178586865046201073&amp;rtpof=true&amp;sd=true\">Segunda Guerra Mundial &#8211; Parte I<\/a><\/li><li><a href=\"https:\/\/docs.google.com\/document\/d\/1tYesuAgeeMzC-hV3yguXQOlMFQEwx557\/edit?usp=share_link&amp;ouid=100178586865046201073&amp;rtpof=true&amp;sd=true\">Segunda Guerra Mundial &#8211; Parte II<\/a><\/li><li><a href=\"https:\/\/docs.google.com\/document\/d\/11SUi_4uXqyjdYx7PX8c7kxvWON4n3gni\/edit?usp=share_link&amp;ouid=100178586865046201073&amp;rtpof=true&amp;sd=true\">Guerra Fria<\/a><\/li><\/ol>\n\n\n\n<p><\/p>\n","protected":false},"excerpt":{"rendered":"<p>Standards Mural de Palavras Li\u00e7\u00f5es Traduzidas Caracter\u00edsticas f\u00edsicas das civiliza\u00e7\u00f5es antigas &#8211; Parte I Caracter\u00edsticas f\u00edsicas das civiliza\u00e7\u00f5es antigas &#8211; Parte II Caracter\u00edsticas f\u00edsicas influenciaram o desenvolvimento cultural &#8211; Parte I Caracter\u00edsticas f\u00edsicas influenciaram o desenvolvimento cultural &#8211; Parte II &hellip; <a href=\"https:\/\/www.utahportuguesedli.org\/elementary\/6-social-studies\/\">Continue reading <span class=\"meta-nav\">&rarr;<\/span><\/a><\/p>\n","protected":false},"author":1,"featured_media":0,"parent":0,"menu_order":0,"comment_status":"closed","ping_status":"closed","template":"","meta":[],"_links":{"self":[{"href":"https:\/\/www.utahportuguesedli.org\/elementary\/wp-json\/wp\/v2\/pages\/225"}],"collection":[{"href":"https:\/\/www.utahportuguesedli.org\/elementary\/wp-json\/wp\/v2\/pages"}],"about":[{"href":"https:\/\/www.utahportuguesedli.org\/elementary\/wp-json\/wp\/v2\/types\/page"}],"author":[{"embeddable":true,"href":"https:\/\/www.utahportuguesedli.org\/elementary\/wp-json\/wp\/v2\/users\/1"}],"replies":[{"embeddable":true,"href":"https:\/\/www.utahportuguesedli.org\/elementary\/wp-json\/wp\/v2\/comments?post=225"}],"version-history":[{"count":16,"href":"https:\/\/www.utahportuguesedli.org\/elementary\/wp-json\/wp\/v2\/pages\/225\/revisions"}],"predecessor-version":[{"id":1414,"href":"https:\/\/www.utahportuguesedli.org\/elementary\/wp-json\/wp\/v2\/pages\/225\/revisions\/1414"}],"wp:attachment":[{"href":"https:\/\/www.utahportuguesedli.org\/elementary\/wp-json\/wp\/v2\/media?parent=225"}],"curies":[{"name":"wp","href":"https:\/\/api.w.org\/{rel}","templated":true}]}}