{"id":150,"date":"2022-10-14T03:34:46","date_gmt":"2022-10-14T03:34:46","guid":{"rendered":"https:\/\/www.utahportuguesedli.org\/elementary\/?page_id=150"},"modified":"2023-06-22T23:18:18","modified_gmt":"2023-06-22T23:18:18","slug":"2-social-studies","status":"publish","type":"page","link":"https:\/\/www.utahportuguesedli.org\/elementary\/2-social-studies\/","title":{"rendered":"2 &#8211; SOCIAL STUDIES"},"content":{"rendered":"<h2>&nbsp;<\/h2>\n<p><\/p>\n\n\n<div class=\"wp-container-4 wp-block-columns\">\n<div class=\"wp-container-1 wp-block-column\">\n<h2>Standards<\/h2>\n<\/div>\n\n\n\n<div class=\"wp-container-2 wp-block-column\">\n<h2>Mural de Palavras<\/h2>\n<\/div>\n\n\n\n<div class=\"wp-container-3 wp-block-column\"><\/div>\n<\/div>\n\n\n\n<div class=\"wp-container-8 wp-block-columns\">\n<div class=\"wp-container-5 wp-block-column\">\n<figure class=\"wp-block-image size-thumbnail\"><a href=\"https:\/\/schools.utah.gov\/curr\/socialstudies?mid=1129&amp;tid=1\"><img loading=\"lazy\" width=\"150\" height=\"150\" src=\"https:\/\/www.utahportuguesedli.org\/elementary\/wp-content\/uploads\/sites\/4\/2022\/12\/Screen-Shot-2022-12-12-at-9.32.43-AM-150x150.png\" alt=\"\" class=\"wp-image-904\" \/><\/a><\/figure>\n<\/div>\n\n\n\n<div class=\"wp-container-6 wp-block-column\">\n<figure class=\"wp-block-image size-thumbnail\"><a href=\"https:\/\/docs.google.com\/document\/d\/1q3klal52ugqx4a0_38ORV234uiOdUi7D\/edit?usp=share_link&amp;ouid=100178586865046201073&amp;rtpof=true&amp;sd=true\"><img loading=\"lazy\" width=\"150\" height=\"150\" src=\"https:\/\/www.utahportuguesedli.org\/elementary\/wp-content\/uploads\/sites\/4\/2022\/12\/Website-Button-2-150x150.png\" alt=\"\" class=\"wp-image-913\" srcset=\"https:\/\/www.utahportuguesedli.org\/elementary\/wp-content\/uploads\/sites\/4\/2022\/12\/Website-Button-2-150x150.png 150w, https:\/\/www.utahportuguesedli.org\/elementary\/wp-content\/uploads\/sites\/4\/2022\/12\/Website-Button-2-300x300.png 300w, https:\/\/www.utahportuguesedli.org\/elementary\/wp-content\/uploads\/sites\/4\/2022\/12\/Website-Button-2.png 500w\" sizes=\"(max-width: 150px) 100vw, 150px\" \/><\/a><\/figure>\n<\/div>\n\n\n\n<div class=\"wp-container-7 wp-block-column\"><\/div>\n<\/div>\n\n\n\n<h2><\/h2>\n\n\n\n<h2>Li\u00e7\u00f5es Traduzidas<\/h2>\n\n\n\n<p><strong><a href=\"https:\/\/drive.google.com\/file\/d\/1Vn6MJ4fhSiwWAr_SCOn1D83y0_TbpZ9x\/view?usp=share_link\">Os profissionais da escola<\/a><\/strong><\/p>\n\n\n\n<p><strong><a href=\"https:\/\/drive.google.com\/file\/d\/1rNi0gPgi4-q9DQJxh5ZlTxPMu_dLxjZJ\/view?usp=share_link\">Minha hist\u00f3ria<\/a><\/strong><\/p>\n\n\n\n<p><strong><a href=\"https:\/\/drive.google.com\/file\/d\/1FU3zoEJIfRng8-h500dIzsrA2Iw12ttz\/view?usp=share_link\">Culturas em nossa comunidade<\/a><\/strong><\/p>\n\n\n\n<p><strong><a href=\"https:\/\/drive.google.com\/file\/d\/1wWxvB-tN81kOXX-stg7rVfQ98agUvzfY\/view?usp=share_link\">Ba\u00fa cultural da comunidade<\/a><\/strong><\/p>\n\n\n\n<p><strong><a href=\"https:\/\/drive.google.com\/file\/d\/1qZgnUzUcGja8vLoOCvP1GAwPWdYEPdfW\/view?usp=share_link\">Navegando em mapas e no Globo Terrestre<\/a><\/strong><\/p>\n\n\n\n<p><strong><a href=\"https:\/\/drive.google.com\/file\/d\/15gaSxTL4GuvJnxQ6MnYItImzGxELfOdW\/view?usp=share_link\">As mudan\u00e7as no meio ambiente<\/a><\/strong><\/p>\n\n\n\n<p><strong><a href=\"https:\/\/drive.google.com\/file\/d\/12b6JAPu5l2GNH7cpsJ0gnhO9Zkqf9av7\/view?usp=share_link\">Navegando pelo mundo &#8211; Parte 1<\/a><\/strong><\/p>\n\n\n\n<p><strong><a href=\"https:\/\/drive.google.com\/file\/d\/1VqoNaceVV_buQ22MlYW1GekhH8wAUT7p\/view?usp=share_link\">Navegando pelo mundo &#8211; Parte 2<\/a><\/strong><\/p>\n\n\n\n<p><strong><a href=\"https:\/\/drive.google.com\/file\/d\/1hg1fUUsh8qiEDllkvkCXN_5GdOn86ATP\/view?usp=share_link\">Dar e Receber &#8211; Parte 1<\/a><\/strong><\/p>\n\n\n\n<p><strong><a href=\"https:\/\/drive.google.com\/file\/d\/1FXNJVbnL80Sz2Ew4UK0VWywgWHTlgHBN\/view?usp=share_link\">Dar e Receber &#8211; Parte 2<\/a><\/strong><\/p>\n\n\n\n<p><strong><a href=\"https:\/\/drive.google.com\/file\/d\/1RI6zosT5rNRzWvwakq6i3990AahPWmuZ\/view?usp=share_link\">Como pagar por produtos e servi\u00e7os<\/a><\/strong><\/p>\n","protected":false},"excerpt":{"rendered":"<p>&nbsp; Standards Mural de Palavras Li\u00e7\u00f5es Traduzidas Os profissionais da escola Minha hist\u00f3ria Culturas em nossa comunidade Ba\u00fa cultural da comunidade Navegando em mapas e no Globo Terrestre As mudan\u00e7as no meio ambiente Navegando pelo mundo &#8211; Parte 1 Navegando &hellip; <a href=\"https:\/\/www.utahportuguesedli.org\/elementary\/2-social-studies\/\">Continue reading <span class=\"meta-nav\">&rarr;<\/span><\/a><\/p>\n","protected":false},"author":1,"featured_media":0,"parent":0,"menu_order":0,"comment_status":"closed","ping_status":"closed","template":"","meta":[],"_links":{"self":[{"href":"https:\/\/www.utahportuguesedli.org\/elementary\/wp-json\/wp\/v2\/pages\/150"}],"collection":[{"href":"https:\/\/www.utahportuguesedli.org\/elementary\/wp-json\/wp\/v2\/pages"}],"about":[{"href":"https:\/\/www.utahportuguesedli.org\/elementary\/wp-json\/wp\/v2\/types\/page"}],"author":[{"embeddable":true,"href":"https:\/\/www.utahportuguesedli.org\/elementary\/wp-json\/wp\/v2\/users\/1"}],"replies":[{"embeddable":true,"href":"https:\/\/www.utahportuguesedli.org\/elementary\/wp-json\/wp\/v2\/comments?post=150"}],"version-history":[{"count":11,"href":"https:\/\/www.utahportuguesedli.org\/elementary\/wp-json\/wp\/v2\/pages\/150\/revisions"}],"predecessor-version":[{"id":1326,"href":"https:\/\/www.utahportuguesedli.org\/elementary\/wp-json\/wp\/v2\/pages\/150\/revisions\/1326"}],"wp:attachment":[{"href":"https:\/\/www.utahportuguesedli.org\/elementary\/wp-json\/wp\/v2\/media?parent=150"}],"curies":[{"name":"wp","href":"https:\/\/api.w.org\/{rel}","templated":true}]}}